{"id":133,"date":"2016-04-30T15:31:36","date_gmt":"2016-04-30T13:31:36","guid":{"rendered":"https:\/\/www.xenotilapia.de\/?page_id=133"},"modified":"2016-06-03T22:27:50","modified_gmt":"2016-06-03T20:27:50","slug":"ectodus-descampsi","status":"publish","type":"page","link":"https:\/\/www.xenotilapia.de\/de\/reports\/ectodus-descampsi\/","title":{"rendered":"Ectodus descampsi"},"content":{"rendered":"<p><strong><em><span style=\"text-decoration: underline;\">Gattung:<\/span><\/em><\/strong><br \/>\nEctodus<br \/>\n<strong><em><span style=\"text-decoration: underline;\">Art:<\/span><\/em><\/strong><br \/>\ndescampsi<br \/>\n<strong><em><span style=\"text-decoration: underline;\">Standort:<\/span><\/em><\/strong><br \/>\n&#8211;<br \/>\n<strong><em><span style=\"text-decoration: underline;\">Gr\u00f6\u00dfe: (m\/w)<\/span><\/em><\/strong><br \/>\n10cm\/ 10cm<br \/>\n<strong><em><span style=\"text-decoration: underline;\">Ern\u00e4hrung:<\/span><\/em><\/strong><br \/>\nWirbellose und pflanzliche Nahrung ( z.B. Fadenalgen)<br \/>\n<strong><em><span style=\"text-decoration: underline;\">Habitat:<\/span><\/em><\/strong><br \/>\nSandlitoral<br \/>\n<strong><em><span style=\"text-decoration: underline;\">Verhalten:<\/span><\/em><\/strong><br \/>\nDie Art weisst kaum innerartliche Aggressionen auf. Abgelaicht wird in einer Mulde auf dem Substrat. Das Weibchen tr\u00e4gt etwa 2,5 Wochen die Eier im Maul, worauf hin sie ca. 30 Junge frei l\u00e4sst. Die s\u00fcdlichen Populationen weisen mehr gelb auf als die n\u00f6rdlichen.<\/p>\n<p><a href=\"https:\/\/www.xenotilapia.de\/gallery\/ectodus-descampsi-pictures-video\/\">weitere Bilder und Videos<\/a><\/p>\n<div id='gallery-1' class='gallery galleryid-133 gallery-columns-2 gallery-size-medium'><figure class='gallery-item'>\n\t\t\t<div class='gallery-icon landscape'>\n\t\t\t\t<a href='https:\/\/www.xenotilapia.de\/wp-content\/uploads\/Ectodus-descampsi02.jpg' title=\"\" data-rl_title=\"\" class=\"rl-gallery-link\" data-rl_caption=\"\" data-rel=\"lightbox-gallery-1\"><img width=\"500\" height=\"375\" src=\"https:\/\/www.xenotilapia.de\/wp-content\/uploads\/Ectodus-descampsi02.jpg\" class=\"attachment-medium size-medium\" alt=\"Ectodus descampsi\" decoding=\"async\" loading=\"lazy\" aria-describedby=\"gallery-1-611\" \/><\/a>\n\t\t\t<\/div>\n\t\t\t\t<figcaption class='wp-caption-text gallery-caption' id='gallery-1-611'>\n\t\t\t\tEctodus descampsi\n\t\t\t\t<\/figcaption><\/figure><figure class='gallery-item'>\n\t\t\t<div class='gallery-icon landscape'>\n\t\t\t\t<a href='https:\/\/www.xenotilapia.de\/wp-content\/uploads\/Ectodus-descampsi01.jpg' title=\"\" data-rl_title=\"\" class=\"rl-gallery-link\" data-rl_caption=\"\" data-rel=\"lightbox-gallery-1\"><img width=\"500\" height=\"375\" src=\"https:\/\/www.xenotilapia.de\/wp-content\/uploads\/Ectodus-descampsi01.jpg\" class=\"attachment-medium size-medium\" alt=\"Ectodus descampsi\" decoding=\"async\" loading=\"lazy\" aria-describedby=\"gallery-1-610\" \/><\/a>\n\t\t\t<\/div>\n\t\t\t\t<figcaption class='wp-caption-text gallery-caption' id='gallery-1-610'>\n\t\t\t\tEctodus descampsi\n\t\t\t\t<\/figcaption><\/figure>\n\t\t<\/div>","protected":false},"excerpt":{"rendered":"<p>Gattung: Ectodus Art: descampsi Standort: &#8211; Gr\u00f6\u00dfe: (m\/w) 10cm\/ 10cm Ern\u00e4hrung: Wirbellose und pflanzliche Nahrung ( z.B. Fadenalgen) Habitat: Sandlitoral Verhalten: Die Art weisst kaum innerartliche Aggressionen auf. Abgelaicht wird in einer Mulde auf dem Substrat. Das Weibchen tr\u00e4gt etwa 2,5 Wochen die Eier im Maul, worauf hin sie ca. 30 Junge frei l\u00e4sst. Die &hellip; <a href=\"https:\/\/www.xenotilapia.de\/de\/reports\/ectodus-descampsi\/\" class=\"more-link\"><span class=\"screen-reader-text\">\u201eEctodus descampsi\u201c<\/span> weiterlesen<\/a><\/p>\n","protected":false},"author":1,"featured_media":0,"parent":59,"menu_order":0,"comment_status":"closed","ping_status":"closed","template":"","meta":[],"_links":{"self":[{"href":"https:\/\/www.xenotilapia.de\/de\/wp-json\/wp\/v2\/pages\/133"}],"collection":[{"href":"https:\/\/www.xenotilapia.de\/de\/wp-json\/wp\/v2\/pages"}],"about":[{"href":"https:\/\/www.xenotilapia.de\/de\/wp-json\/wp\/v2\/types\/page"}],"author":[{"embeddable":true,"href":"https:\/\/www.xenotilapia.de\/de\/wp-json\/wp\/v2\/users\/1"}],"replies":[{"embeddable":true,"href":"https:\/\/www.xenotilapia.de\/de\/wp-json\/wp\/v2\/comments?post=133"}],"version-history":[{"count":5,"href":"https:\/\/www.xenotilapia.de\/de\/wp-json\/wp\/v2\/pages\/133\/revisions"}],"predecessor-version":[{"id":775,"href":"https:\/\/www.xenotilapia.de\/de\/wp-json\/wp\/v2\/pages\/133\/revisions\/775"}],"up":[{"embeddable":true,"href":"https:\/\/www.xenotilapia.de\/de\/wp-json\/wp\/v2\/pages\/59"}],"wp:attachment":[{"href":"https:\/\/www.xenotilapia.de\/de\/wp-json\/wp\/v2\/media?parent=133"}],"curies":[{"name":"wp","href":"https:\/\/api.w.org\/{rel}","templated":true}]}}