{"id":157,"date":"2016-04-30T15:58:24","date_gmt":"2016-04-30T13:58:24","guid":{"rendered":"https:\/\/www.xenotilapia.de\/?page_id=157"},"modified":"2016-06-03T22:34:10","modified_gmt":"2016-06-03T20:34:10","slug":"neolamprologus-brevis-kiku","status":"publish","type":"page","link":"https:\/\/www.xenotilapia.de\/de\/reports\/neolamprologus-brevis-kiku\/","title":{"rendered":"Neolamprologus brevis Kiku"},"content":{"rendered":"<p><strong><em><span style=\"text-decoration: underline;\">Gattung:<\/span><\/em><\/strong><br \/>\nNeolamprologus<br \/>\n<strong><em><span style=\"text-decoration: underline;\">Art:<\/span><\/em><\/strong><br \/>\nbrevis<br \/>\n<strong><em><span style=\"text-decoration: underline;\">Standort:<\/span><\/em><\/strong><br \/>\nKiku (Kongo)<br \/>\n<strong><em><span style=\"text-decoration: underline;\">Gr\u00f6\u00dfe: (m\/w)<\/span><\/em><\/strong><br \/>\n5cm \/ 4cm<br \/>\n<strong><em><span style=\"text-decoration: underline;\">Ern\u00e4hrung:<\/span><\/em><\/strong><br \/>\nZooplankton<br \/>\n<strong><em><span style=\"text-decoration: underline;\">Habitat:<\/span><\/em><\/strong><br \/>\nSandige \u00dcbergangszonen mit leeren Schneckenh\u00e4usern<br \/>\n<strong><em><span style=\"text-decoration: underline;\">Verhalten:<\/span><\/em><\/strong><br \/>\nFriedliche Art, die in kleinen Becken gehalten werden kann. Abgelaicht wird in einem leeren Schneckenhaus. Das Gelege umfasst ungef\u00e4hr 15 Eier. Sowohl das M\u00e4nnchen als auch das Weibchen leben und verstecken sich im selben Schneckenhaus.<\/p>\n<p><a href=\"https:\/\/www.xenotilapia.de\/gallery\/neolamprologus-brevis-kiku-pictures-video\/\">weitere Bilder und Videos<\/a><\/p>\n<div id='gallery-1' class='gallery galleryid-157 gallery-columns-2 gallery-size-medium'><figure class='gallery-item'>\n\t\t\t<div class='gallery-icon landscape'>\n\t\t\t\t<a href='https:\/\/www.xenotilapia.de\/wp-content\/uploads\/Neolamprologus-brevis-Kiku03.jpg' title=\"\" data-rl_title=\"\" class=\"rl-gallery-link\" data-rl_caption=\"\" data-rel=\"lightbox-gallery-1\"><img width=\"500\" height=\"375\" src=\"https:\/\/www.xenotilapia.de\/wp-content\/uploads\/Neolamprologus-brevis-Kiku03.jpg\" class=\"attachment-medium size-medium\" alt=\"Neolamprologus brevis Kiku\" decoding=\"async\" loading=\"lazy\" aria-describedby=\"gallery-1-627\" \/><\/a>\n\t\t\t<\/div>\n\t\t\t\t<figcaption class='wp-caption-text gallery-caption' id='gallery-1-627'>\n\t\t\t\tNeolamprologus brevis Kiku\n\t\t\t\t<\/figcaption><\/figure><figure class='gallery-item'>\n\t\t\t<div class='gallery-icon landscape'>\n\t\t\t\t<a href='https:\/\/www.xenotilapia.de\/wp-content\/uploads\/Neolamprologus-brevis-Kiku01.jpg' title=\"\" data-rl_title=\"\" class=\"rl-gallery-link\" data-rl_caption=\"\" data-rel=\"lightbox-gallery-1\"><img width=\"500\" height=\"375\" src=\"https:\/\/www.xenotilapia.de\/wp-content\/uploads\/Neolamprologus-brevis-Kiku01.jpg\" class=\"attachment-medium size-medium\" alt=\"Neolamprologus brevis Kiku\" decoding=\"async\" loading=\"lazy\" aria-describedby=\"gallery-1-625\" \/><\/a>\n\t\t\t<\/div>\n\t\t\t\t<figcaption class='wp-caption-text gallery-caption' id='gallery-1-625'>\n\t\t\t\tNeolamprologus brevis Kiku\n\t\t\t\t<\/figcaption><\/figure>\n\t\t<\/div>","protected":false},"excerpt":{"rendered":"<p>Gattung: Neolamprologus Art: brevis Standort: Kiku (Kongo) Gr\u00f6\u00dfe: (m\/w) 5cm \/ 4cm Ern\u00e4hrung: Zooplankton Habitat: Sandige \u00dcbergangszonen mit leeren Schneckenh\u00e4usern Verhalten: Friedliche Art, die in kleinen Becken gehalten werden kann. Abgelaicht wird in einem leeren Schneckenhaus. Das Gelege umfasst ungef\u00e4hr 15 Eier. Sowohl das M\u00e4nnchen als auch das Weibchen leben und verstecken sich im selben &hellip; <a href=\"https:\/\/www.xenotilapia.de\/de\/reports\/neolamprologus-brevis-kiku\/\" class=\"more-link\"><span class=\"screen-reader-text\">\u201eNeolamprologus brevis Kiku\u201c<\/span> weiterlesen<\/a><\/p>\n","protected":false},"author":1,"featured_media":0,"parent":59,"menu_order":0,"comment_status":"closed","ping_status":"closed","template":"","meta":[],"_links":{"self":[{"href":"https:\/\/www.xenotilapia.de\/de\/wp-json\/wp\/v2\/pages\/157"}],"collection":[{"href":"https:\/\/www.xenotilapia.de\/de\/wp-json\/wp\/v2\/pages"}],"about":[{"href":"https:\/\/www.xenotilapia.de\/de\/wp-json\/wp\/v2\/types\/page"}],"author":[{"embeddable":true,"href":"https:\/\/www.xenotilapia.de\/de\/wp-json\/wp\/v2\/users\/1"}],"replies":[{"embeddable":true,"href":"https:\/\/www.xenotilapia.de\/de\/wp-json\/wp\/v2\/comments?post=157"}],"version-history":[{"count":5,"href":"https:\/\/www.xenotilapia.de\/de\/wp-json\/wp\/v2\/pages\/157\/revisions"}],"predecessor-version":[{"id":778,"href":"https:\/\/www.xenotilapia.de\/de\/wp-json\/wp\/v2\/pages\/157\/revisions\/778"}],"up":[{"embeddable":true,"href":"https:\/\/www.xenotilapia.de\/de\/wp-json\/wp\/v2\/pages\/59"}],"wp:attachment":[{"href":"https:\/\/www.xenotilapia.de\/de\/wp-json\/wp\/v2\/media?parent=157"}],"curies":[{"name":"wp","href":"https:\/\/api.w.org\/{rel}","templated":true}]}}