{"id":163,"date":"2016-04-30T16:03:02","date_gmt":"2016-04-30T14:03:02","guid":{"rendered":"https:\/\/www.xenotilapia.de\/?page_id=163"},"modified":"2016-06-03T22:36:08","modified_gmt":"2016-06-03T20:36:08","slug":"neolamprologus-multifasciatus","status":"publish","type":"page","link":"https:\/\/www.xenotilapia.de\/de\/reports\/neolamprologus-multifasciatus\/","title":{"rendered":"Neolamprologus multifasciatus"},"content":{"rendered":"<p><strong><em><span style=\"text-decoration: underline;\">Gattung:<\/span><\/em><\/strong><br \/>\nNeolamprologus<br \/>\n<strong><em><span style=\"text-decoration: underline;\">Art:<\/span><\/em><\/strong><br \/>\nmultifasciatus<br \/>\n<strong><em><span style=\"text-decoration: underline;\">Standort:<\/span><\/em><\/strong><br \/>\n&#8211;<br \/>\n<strong><em><span style=\"text-decoration: underline;\">Gr\u00f6\u00dfe: (m\/w)<\/span><\/em><\/strong><br \/>\n4cm \/ 3cm<br \/>\n<strong><em><span style=\"text-decoration: underline;\">Ern\u00e4hrung:<\/span><\/em><\/strong><br \/>\nZooplankton<br \/>\n<strong><em><span style=\"text-decoration: underline;\">Habitat:<\/span><\/em><\/strong><br \/>\nSandig mulmige \u00dcbergangszonen, wo sich Schneckenfriedh\u00f6fe befinden<br \/>\n<strong><em><span style=\"text-decoration: underline;\">Verhalten:<\/span><\/em><\/strong><br \/>\nFriedliche Art, die in kleinen Becken gehalten werden kann. Abgelaicht wird in einem leeren Schneckenhaus. Das Gelege umfasst ungef\u00e4hr 10 Eier. Die Art lebt paarweise in gro\u00dfen Kolonien. Jungtiere werden von jedem adulten Tier geduldet.<\/p>\n<p><a href=\"https:\/\/www.xenotilapia.de\/gallery\/neolamprologus-multifasciatus-pictures-video\/\">weitere Bilder und Videos<\/a><\/p>\n<div id='gallery-1' class='gallery galleryid-163 gallery-columns-2 gallery-size-medium'><figure class='gallery-item'>\n\t\t\t<div class='gallery-icon landscape'>\n\t\t\t\t<a href='https:\/\/www.xenotilapia.de\/wp-content\/uploads\/Neolamprologus-multifasciatus03.jpg' title=\"\" data-rl_title=\"\" class=\"rl-gallery-link\" data-rl_caption=\"\" data-rel=\"lightbox-gallery-1\"><img width=\"500\" height=\"375\" src=\"https:\/\/www.xenotilapia.de\/wp-content\/uploads\/Neolamprologus-multifasciatus03.jpg\" class=\"attachment-medium size-medium\" alt=\"Neolamprologus multifasciatus\" decoding=\"async\" loading=\"lazy\" aria-describedby=\"gallery-1-630\" \/><\/a>\n\t\t\t<\/div>\n\t\t\t\t<figcaption class='wp-caption-text gallery-caption' id='gallery-1-630'>\n\t\t\t\tNeolamprologus multifasciatus\n\t\t\t\t<\/figcaption><\/figure><figure class='gallery-item'>\n\t\t\t<div class='gallery-icon landscape'>\n\t\t\t\t<a href='https:\/\/www.xenotilapia.de\/wp-content\/uploads\/Neolamprologus-multifasciatus02.jpg' title=\"\" data-rl_title=\"\" class=\"rl-gallery-link\" data-rl_caption=\"\" data-rel=\"lightbox-gallery-1\"><img width=\"500\" height=\"375\" src=\"https:\/\/www.xenotilapia.de\/wp-content\/uploads\/Neolamprologus-multifasciatus02.jpg\" class=\"attachment-medium size-medium\" alt=\"Neolamprologus multifasciatus\" decoding=\"async\" loading=\"lazy\" aria-describedby=\"gallery-1-629\" \/><\/a>\n\t\t\t<\/div>\n\t\t\t\t<figcaption class='wp-caption-text gallery-caption' id='gallery-1-629'>\n\t\t\t\tNeolamprologus multifasciatus\n\t\t\t\t<\/figcaption><\/figure>\n\t\t<\/div>","protected":false},"excerpt":{"rendered":"<p>Gattung: Neolamprologus Art: multifasciatus Standort: &#8211; Gr\u00f6\u00dfe: (m\/w) 4cm \/ 3cm Ern\u00e4hrung: Zooplankton Habitat: Sandig mulmige \u00dcbergangszonen, wo sich Schneckenfriedh\u00f6fe befinden Verhalten: Friedliche Art, die in kleinen Becken gehalten werden kann. Abgelaicht wird in einem leeren Schneckenhaus. Das Gelege umfasst ungef\u00e4hr 10 Eier. Die Art lebt paarweise in gro\u00dfen Kolonien. Jungtiere werden von jedem adulten &hellip; <a href=\"https:\/\/www.xenotilapia.de\/de\/reports\/neolamprologus-multifasciatus\/\" class=\"more-link\"><span class=\"screen-reader-text\">\u201eNeolamprologus multifasciatus\u201c<\/span> weiterlesen<\/a><\/p>\n","protected":false},"author":1,"featured_media":0,"parent":59,"menu_order":0,"comment_status":"closed","ping_status":"closed","template":"","meta":[],"_links":{"self":[{"href":"https:\/\/www.xenotilapia.de\/de\/wp-json\/wp\/v2\/pages\/163"}],"collection":[{"href":"https:\/\/www.xenotilapia.de\/de\/wp-json\/wp\/v2\/pages"}],"about":[{"href":"https:\/\/www.xenotilapia.de\/de\/wp-json\/wp\/v2\/types\/page"}],"author":[{"embeddable":true,"href":"https:\/\/www.xenotilapia.de\/de\/wp-json\/wp\/v2\/users\/1"}],"replies":[{"embeddable":true,"href":"https:\/\/www.xenotilapia.de\/de\/wp-json\/wp\/v2\/comments?post=163"}],"version-history":[{"count":4,"href":"https:\/\/www.xenotilapia.de\/de\/wp-json\/wp\/v2\/pages\/163\/revisions"}],"predecessor-version":[{"id":779,"href":"https:\/\/www.xenotilapia.de\/de\/wp-json\/wp\/v2\/pages\/163\/revisions\/779"}],"up":[{"embeddable":true,"href":"https:\/\/www.xenotilapia.de\/de\/wp-json\/wp\/v2\/pages\/59"}],"wp:attachment":[{"href":"https:\/\/www.xenotilapia.de\/de\/wp-json\/wp\/v2\/media?parent=163"}],"curies":[{"name":"wp","href":"https:\/\/api.w.org\/{rel}","templated":true}]}}