{"id":176,"date":"2016-04-30T16:15:32","date_gmt":"2016-04-30T14:15:32","guid":{"rendered":"https:\/\/www.xenotilapia.de\/?page_id=176"},"modified":"2016-06-03T22:45:26","modified_gmt":"2016-06-03T20:45:26","slug":"ophthalmotilapia-ventralis-nundo","status":"publish","type":"page","link":"https:\/\/www.xenotilapia.de\/de\/reports\/ophthalmotilapia-ventralis-nundo\/","title":{"rendered":"Ophthalmotilapia ventralis Nundo"},"content":{"rendered":"<p><strong><em><span style=\"text-decoration: underline;\">Gattung:<\/span><\/em><\/strong><br \/>\nOphthalmotilapia<br \/>\n<strong><em><span style=\"text-decoration: underline;\">Art:<\/span><\/em><\/strong><br \/>\nventralis<br \/>\n<strong><em><span style=\"text-decoration: underline;\">Standort:<\/span><\/em><\/strong><br \/>\nNundo (Sambia)<br \/>\n<strong><em><span style=\"text-decoration: underline;\">Gr\u00f6\u00dfe: (m\/w)<\/span><\/em><\/strong><br \/>\n15cm \/ 13cm<br \/>\n<strong><em><span style=\"text-decoration: underline;\">Ern\u00e4hrung:<\/span><\/em><\/strong><br \/>\nZooplankton, Aufwuchsfresser<br \/>\n<strong><em><span style=\"text-decoration: underline;\">Habitat:<\/span><\/em><\/strong><br \/>\nFelslitoral<br \/>\n<strong><em><span style=\"text-decoration: underline;\">Verhalten:<\/span><\/em><\/strong><br \/>\nDie M\u00e4nnchen sind innerartlich aggressiv gegen\u00fcber Konkurrenten. Abgelaicht wird in einer Sandmulde oder auf einem Felsen. Daraufhin tr\u00e4gt das Weibchen zwischen 20 und 30 Eier im Maul. Nach ca. 21 Tagen entl\u00e4sst das Weibchen die ungef\u00e4hr 10mm gro\u00dfen Jungfische.<\/p>\n<p><a href=\"https:\/\/www.xenotilapia.de\/gallery\/ophthalmotilapia-ventralis-nundo-pictures-video\/\">weitere Bilder und Videos<\/a><\/p>\n<div id='gallery-1' class='gallery galleryid-176 gallery-columns-2 gallery-size-medium'><figure class='gallery-item'>\n\t\t\t<div class='gallery-icon landscape'>\n\t\t\t\t<a href='https:\/\/www.xenotilapia.de\/wp-content\/uploads\/Ophthalmotilapia-ventralis-Nundo08.jpg' title=\"\" data-rl_title=\"\" class=\"rl-gallery-link\" data-rl_caption=\"\" data-rel=\"lightbox-gallery-1\"><img width=\"500\" height=\"375\" src=\"https:\/\/www.xenotilapia.de\/wp-content\/uploads\/Ophthalmotilapia-ventralis-Nundo08.jpg\" class=\"attachment-medium size-medium\" alt=\"Ophthalmotilapia ventralis Nundo green\" decoding=\"async\" loading=\"lazy\" aria-describedby=\"gallery-1-643\" \/><\/a>\n\t\t\t<\/div>\n\t\t\t\t<figcaption class='wp-caption-text gallery-caption' id='gallery-1-643'>\n\t\t\t\tOphthalmotilapia ventralis Nundo green\n\t\t\t\t<\/figcaption><\/figure><figure class='gallery-item'>\n\t\t\t<div class='gallery-icon landscape'>\n\t\t\t\t<a href='https:\/\/www.xenotilapia.de\/wp-content\/uploads\/Ophthalmotilapia-ventralis-Nundo01.jpg' title=\"\" data-rl_title=\"\" class=\"rl-gallery-link\" data-rl_caption=\"\" data-rel=\"lightbox-gallery-1\"><img width=\"500\" height=\"375\" src=\"https:\/\/www.xenotilapia.de\/wp-content\/uploads\/Ophthalmotilapia-ventralis-Nundo01.jpg\" class=\"attachment-medium size-medium\" alt=\"Ophthalmotilapia ventralis Nundo green\" decoding=\"async\" loading=\"lazy\" aria-describedby=\"gallery-1-636\" \/><\/a>\n\t\t\t<\/div>\n\t\t\t\t<figcaption class='wp-caption-text gallery-caption' id='gallery-1-636'>\n\t\t\t\tOphthalmotilapia ventralis Nundo green\n\t\t\t\t<\/figcaption><\/figure>\n\t\t<\/div>","protected":false},"excerpt":{"rendered":"<p>Gattung: Ophthalmotilapia Art: ventralis Standort: Nundo (Sambia) Gr\u00f6\u00dfe: (m\/w) 15cm \/ 13cm Ern\u00e4hrung: Zooplankton, Aufwuchsfresser Habitat: Felslitoral Verhalten: Die M\u00e4nnchen sind innerartlich aggressiv gegen\u00fcber Konkurrenten. Abgelaicht wird in einer Sandmulde oder auf einem Felsen. Daraufhin tr\u00e4gt das Weibchen zwischen 20 und 30 Eier im Maul. Nach ca. 21 Tagen entl\u00e4sst das Weibchen die ungef\u00e4hr 10mm &hellip; <a href=\"https:\/\/www.xenotilapia.de\/de\/reports\/ophthalmotilapia-ventralis-nundo\/\" class=\"more-link\"><span class=\"screen-reader-text\">\u201eOphthalmotilapia ventralis Nundo\u201c<\/span> weiterlesen<\/a><\/p>\n","protected":false},"author":1,"featured_media":0,"parent":59,"menu_order":0,"comment_status":"closed","ping_status":"closed","template":"","meta":[],"_links":{"self":[{"href":"https:\/\/www.xenotilapia.de\/de\/wp-json\/wp\/v2\/pages\/176"}],"collection":[{"href":"https:\/\/www.xenotilapia.de\/de\/wp-json\/wp\/v2\/pages"}],"about":[{"href":"https:\/\/www.xenotilapia.de\/de\/wp-json\/wp\/v2\/types\/page"}],"author":[{"embeddable":true,"href":"https:\/\/www.xenotilapia.de\/de\/wp-json\/wp\/v2\/users\/1"}],"replies":[{"embeddable":true,"href":"https:\/\/www.xenotilapia.de\/de\/wp-json\/wp\/v2\/comments?post=176"}],"version-history":[{"count":4,"href":"https:\/\/www.xenotilapia.de\/de\/wp-json\/wp\/v2\/pages\/176\/revisions"}],"predecessor-version":[{"id":781,"href":"https:\/\/www.xenotilapia.de\/de\/wp-json\/wp\/v2\/pages\/176\/revisions\/781"}],"up":[{"embeddable":true,"href":"https:\/\/www.xenotilapia.de\/de\/wp-json\/wp\/v2\/pages\/59"}],"wp:attachment":[{"href":"https:\/\/www.xenotilapia.de\/de\/wp-json\/wp\/v2\/media?parent=176"}],"curies":[{"name":"wp","href":"https:\/\/api.w.org\/{rel}","templated":true}]}}