{"id":189,"date":"2016-04-30T16:31:02","date_gmt":"2016-04-30T14:31:02","guid":{"rendered":"https:\/\/www.xenotilapia.de\/?page_id=189"},"modified":"2016-06-03T22:50:05","modified_gmt":"2016-06-03T20:50:05","slug":"paracyprichromis-brieni-lusingu-yellow-cheek","status":"publish","type":"page","link":"https:\/\/www.xenotilapia.de\/de\/reports\/paracyprichromis-brieni-lusingu-yellow-cheek\/","title":{"rendered":"Paracyprichromis brieni Lusingu Yellow Cheek"},"content":{"rendered":"<p><strong><em><span style=\"text-decoration: underline;\">Gattung:<\/span><\/em><\/strong><br \/>\nParacyprichromis<br \/>\n<strong><em><span style=\"text-decoration: underline;\">Art:<\/span><\/em><\/strong><br \/>\nbrieni<br \/>\n<strong><em><span style=\"text-decoration: underline;\">Standort:<\/span><\/em><\/strong><br \/>\nLusingu (Kongo)<br \/>\n<strong><em><span style=\"text-decoration: underline;\">Gr\u00f6\u00dfe: (m\/w)<\/span><\/em><\/strong><br \/>\n9cm \/ 7cm<br \/>\n<strong><em><span style=\"text-decoration: underline;\">Ern\u00e4hrung:<\/span><\/em><\/strong><br \/>\nZooplankton (Kleinkrebse, Insektenlarven) und Plankton<br \/>\n<strong><em><span style=\"text-decoration: underline;\">Habitat:<\/span><\/em><\/strong><br \/>\nFelslitoral in 10 &#8211; 25 m Tiefe, bevorzugt gro\u00dfe H\u00f6hlen und Spalten<br \/>\n<strong><em><span style=\"text-decoration: underline;\">Verhalten:<\/span><\/em><\/strong><br \/>\nDie Art weist kaum innerartliche Aggressionen auf, es bleibt beim imponieren und verjagen. Abgelaicht wird an einer Felswand. Das Weibchen nimmt die Eier f\u00fcr ca. 3,5 Wochen ins Maul. Am Ende dieser Zeit entl\u00e4sst das Weibchen zwischen 10 und 20 Junge. Paracyprichromis brieni ben\u00f6tigt &#8222;dunkel Ecken&#8220; im Aquarium um eine sch\u00f6ne F\u00e4rbung zeigen zu k\u00f6nnen!<\/p>\n<p><a href=\"https:\/\/www.xenotilapia.de\/gallery\/paracyprichromis-brieni-lusingu-yellow-cheek-pictures-video\/\">weitere Bilder und Videos<\/a><\/p>\n<div id='gallery-1' class='gallery galleryid-189 gallery-columns-2 gallery-size-medium'><figure class='gallery-item'>\n\t\t\t<div class='gallery-icon landscape'>\n\t\t\t\t<a href='https:\/\/www.xenotilapia.de\/wp-content\/uploads\/Paracyprichromis-brieni-Yellow-Cheek04.jpg' title=\"\" data-rl_title=\"\" class=\"rl-gallery-link\" data-rl_caption=\"\" data-rel=\"lightbox-gallery-1\"><img width=\"800\" height=\"600\" src=\"https:\/\/www.xenotilapia.de\/wp-content\/uploads\/Paracyprichromis-brieni-Yellow-Cheek04.jpg\" class=\"attachment-medium size-medium\" alt=\"Paracyprichromis brieni Yellow Cheek Lusingu\" decoding=\"async\" loading=\"lazy\" aria-describedby=\"gallery-1-662\" \/><\/a>\n\t\t\t<\/div>\n\t\t\t\t<figcaption class='wp-caption-text gallery-caption' id='gallery-1-662'>\n\t\t\t\tParacyprichromis brieni Yellow Cheek Lusingu\n\t\t\t\t<\/figcaption><\/figure><figure class='gallery-item'>\n\t\t\t<div class='gallery-icon landscape'>\n\t\t\t\t<a href='https:\/\/www.xenotilapia.de\/wp-content\/uploads\/Paracyprichromis-brieni-Yellow-Cheek03.jpg' title=\"\" data-rl_title=\"\" class=\"rl-gallery-link\" data-rl_caption=\"\" data-rel=\"lightbox-gallery-1\"><img width=\"800\" height=\"600\" src=\"https:\/\/www.xenotilapia.de\/wp-content\/uploads\/Paracyprichromis-brieni-Yellow-Cheek03.jpg\" class=\"attachment-medium size-medium\" alt=\"Paracyprichromis brieni Yellow Cheek Lusingu\" decoding=\"async\" loading=\"lazy\" aria-describedby=\"gallery-1-661\" \/><\/a>\n\t\t\t<\/div>\n\t\t\t\t<figcaption class='wp-caption-text gallery-caption' id='gallery-1-661'>\n\t\t\t\tParacyprichromis brieni Yellow Cheek Lusingu\n\t\t\t\t<\/figcaption><\/figure>\n\t\t<\/div>","protected":false},"excerpt":{"rendered":"<p>Gattung: Paracyprichromis Art: brieni Standort: Lusingu (Kongo) Gr\u00f6\u00dfe: (m\/w) 9cm \/ 7cm Ern\u00e4hrung: Zooplankton (Kleinkrebse, Insektenlarven) und Plankton Habitat: Felslitoral in 10 &#8211; 25 m Tiefe, bevorzugt gro\u00dfe H\u00f6hlen und Spalten Verhalten: Die Art weist kaum innerartliche Aggressionen auf, es bleibt beim imponieren und verjagen. Abgelaicht wird an einer Felswand. Das Weibchen nimmt die Eier &hellip; <a href=\"https:\/\/www.xenotilapia.de\/de\/reports\/paracyprichromis-brieni-lusingu-yellow-cheek\/\" class=\"more-link\"><span class=\"screen-reader-text\">\u201eParacyprichromis brieni Lusingu Yellow Cheek\u201c<\/span> weiterlesen<\/a><\/p>\n","protected":false},"author":1,"featured_media":0,"parent":59,"menu_order":0,"comment_status":"closed","ping_status":"closed","template":"","meta":[],"_links":{"self":[{"href":"https:\/\/www.xenotilapia.de\/de\/wp-json\/wp\/v2\/pages\/189"}],"collection":[{"href":"https:\/\/www.xenotilapia.de\/de\/wp-json\/wp\/v2\/pages"}],"about":[{"href":"https:\/\/www.xenotilapia.de\/de\/wp-json\/wp\/v2\/types\/page"}],"author":[{"embeddable":true,"href":"https:\/\/www.xenotilapia.de\/de\/wp-json\/wp\/v2\/users\/1"}],"replies":[{"embeddable":true,"href":"https:\/\/www.xenotilapia.de\/de\/wp-json\/wp\/v2\/comments?post=189"}],"version-history":[{"count":4,"href":"https:\/\/www.xenotilapia.de\/de\/wp-json\/wp\/v2\/pages\/189\/revisions"}],"predecessor-version":[{"id":782,"href":"https:\/\/www.xenotilapia.de\/de\/wp-json\/wp\/v2\/pages\/189\/revisions\/782"}],"up":[{"embeddable":true,"href":"https:\/\/www.xenotilapia.de\/de\/wp-json\/wp\/v2\/pages\/59"}],"wp:attachment":[{"href":"https:\/\/www.xenotilapia.de\/de\/wp-json\/wp\/v2\/media?parent=189"}],"curies":[{"name":"wp","href":"https:\/\/api.w.org\/{rel}","templated":true}]}}