{"id":307,"date":"2016-04-30T18:23:17","date_gmt":"2016-04-30T16:23:17","guid":{"rendered":"https:\/\/www.xenotilapia.de\/?page_id=307"},"modified":"2016-06-03T23:18:17","modified_gmt":"2016-06-03T21:18:17","slug":"xenotilapia-spilopterus-mabilibili","status":"publish","type":"page","link":"https:\/\/www.xenotilapia.de\/de\/reports\/xenotilapia-spilopterus-mabilibili\/","title":{"rendered":"Xenotilapia spilopterus Mabilibili"},"content":{"rendered":"<p><strong><em><span style=\"text-decoration: underline;\">Gattung:<\/span><\/em><\/strong><br \/>\nXenotilapia<br \/>\n<strong><em><span style=\"text-decoration: underline;\">Art:<\/span><\/em><\/strong><br \/>\nspilopterus<br \/>\n<strong><em><span style=\"text-decoration: underline;\">Standort:<\/span><\/em><\/strong><br \/>\nMabilibili<br \/>\n<strong><em><span style=\"text-decoration: underline;\">Gr\u00f6\u00dfe: (m\/w)<\/span><\/em><\/strong><br \/>\n11cm \/ 10cm<br \/>\n<strong><em><span style=\"text-decoration: underline;\">Ern\u00e4hrung:<\/span><\/em><\/strong><br \/>\nZooplankton (Kleinkrebse, Insektenlarven)<br \/>\n<strong><em><span style=\"text-decoration: underline;\">Habitat:<\/span><\/em><\/strong><br \/>\n\u00dcbergangszone vom Fels- zum Sandlitoral<br \/>\n<strong><em><span style=\"text-decoration: underline;\">Verhalten:<\/span><\/em><\/strong><br \/>\nDie Art weist kaum innerartliche Aggressionen auf. Abgelaicht wird auf dem Sand. Xenotilapia spilopterus ist ein biparentaler Maulbr\u00fcter. Dies bedeutet, dass zun\u00e4chst das Weibchen die Eier f\u00fcr die ersten 10 Tage ins Maul nimmt und dann die Larven an das M\u00e4nnchen \u00fcbergibt. Dieser l\u00e4sst die Jungfische nach 18 Tage freischwimmen.<\/p>\n<p><a href=\"https:\/\/www.xenotilapia.de\/gallery\/xenotilapia-spilopterus-mabilibili-pictures-video\/\">weitere Bilder und Videos<\/a><\/p>\n<div id='gallery-1' class='gallery galleryid-307 gallery-columns-2 gallery-size-medium'><figure class='gallery-item'>\n\t\t\t<div class='gallery-icon landscape'>\n\t\t\t\t<a href='https:\/\/www.xenotilapia.de\/wp-content\/uploads\/Xenotilapia-spilopterus-Mabilibili01.jpg' title=\"\" data-rl_title=\"\" class=\"rl-gallery-link\" data-rl_caption=\"\" data-rel=\"lightbox-gallery-1\"><img width=\"500\" height=\"375\" src=\"https:\/\/www.xenotilapia.de\/wp-content\/uploads\/Xenotilapia-spilopterus-Mabilibili01.jpg\" class=\"attachment-medium size-medium\" alt=\"Xenotilapia spilopterus Mabilibili\" decoding=\"async\" loading=\"lazy\" aria-describedby=\"gallery-1-744\" \/><\/a>\n\t\t\t<\/div>\n\t\t\t\t<figcaption class='wp-caption-text gallery-caption' id='gallery-1-744'>\n\t\t\t\tXenotilapia spilopterus Mabilibili\n\t\t\t\t<\/figcaption><\/figure>\n\t\t<\/div>","protected":false},"excerpt":{"rendered":"<p>Gattung: Xenotilapia Art: spilopterus Standort: Mabilibili Gr\u00f6\u00dfe: (m\/w) 11cm \/ 10cm Ern\u00e4hrung: Zooplankton (Kleinkrebse, Insektenlarven) Habitat: \u00dcbergangszone vom Fels- zum Sandlitoral Verhalten: Die Art weist kaum innerartliche Aggressionen auf. Abgelaicht wird auf dem Sand. Xenotilapia spilopterus ist ein biparentaler Maulbr\u00fcter. Dies bedeutet, dass zun\u00e4chst das Weibchen die Eier f\u00fcr die ersten 10 Tage ins Maul &hellip; <a href=\"https:\/\/www.xenotilapia.de\/de\/reports\/xenotilapia-spilopterus-mabilibili\/\" class=\"more-link\"><span class=\"screen-reader-text\">\u201eXenotilapia spilopterus Mabilibili\u201c<\/span> weiterlesen<\/a><\/p>\n","protected":false},"author":1,"featured_media":0,"parent":59,"menu_order":0,"comment_status":"closed","ping_status":"closed","template":"","meta":[],"_links":{"self":[{"href":"https:\/\/www.xenotilapia.de\/de\/wp-json\/wp\/v2\/pages\/307"}],"collection":[{"href":"https:\/\/www.xenotilapia.de\/de\/wp-json\/wp\/v2\/pages"}],"about":[{"href":"https:\/\/www.xenotilapia.de\/de\/wp-json\/wp\/v2\/types\/page"}],"author":[{"embeddable":true,"href":"https:\/\/www.xenotilapia.de\/de\/wp-json\/wp\/v2\/users\/1"}],"replies":[{"embeddable":true,"href":"https:\/\/www.xenotilapia.de\/de\/wp-json\/wp\/v2\/comments?post=307"}],"version-history":[{"count":4,"href":"https:\/\/www.xenotilapia.de\/de\/wp-json\/wp\/v2\/pages\/307\/revisions"}],"predecessor-version":[{"id":795,"href":"https:\/\/www.xenotilapia.de\/de\/wp-json\/wp\/v2\/pages\/307\/revisions\/795"}],"up":[{"embeddable":true,"href":"https:\/\/www.xenotilapia.de\/de\/wp-json\/wp\/v2\/pages\/59"}],"wp:attachment":[{"href":"https:\/\/www.xenotilapia.de\/de\/wp-json\/wp\/v2\/media?parent=307"}],"curies":[{"name":"wp","href":"https:\/\/api.w.org\/{rel}","templated":true}]}}