{"id":97,"date":"2016-04-30T14:40:57","date_gmt":"2016-04-30T12:40:57","guid":{"rendered":"https:\/\/www.xenotilapia.de\/?page_id=97"},"modified":"2016-06-03T22:16:41","modified_gmt":"2016-06-03T20:16:41","slug":"cunningtonia-longiventralis-sumbu","status":"publish","type":"page","link":"https:\/\/www.xenotilapia.de\/de\/reports\/cunningtonia-longiventralis-sumbu\/","title":{"rendered":"Cunningtonia longiventralis Sumbu"},"content":{"rendered":"<p><strong><em><span style=\"text-decoration: underline;\">Gattung:<\/span><\/em><\/strong><br \/>\nCunningtonia<br \/>\n<strong><em><span style=\"text-decoration: underline;\">Art:<\/span><\/em><\/strong><br \/>\nlongiventralis<br \/>\n<strong><em><span style=\"text-decoration: underline;\">Standort:<\/span><\/em><\/strong><br \/>\nSumbu (Sambia)<br \/>\n<strong><em><span style=\"text-decoration: underline;\">Gr\u00f6\u00dfe: (m\/w)<\/span><\/em><\/strong><br \/>\n14cm\/ 12cm<br \/>\n<strong><em><span style=\"text-decoration: underline;\">Ern\u00e4hrung:<\/span><\/em><\/strong><br \/>\nAufwuchsfresser (z. B. Kiesel- und Fadenalgen)<br \/>\n<strong><em><span style=\"text-decoration: underline;\">Habitat:<\/span><\/em><\/strong><br \/>\nFelslitoral mit freien Sandfl\u00e4chen<br \/>\n<strong><em><span style=\"text-decoration: underline;\">Verhalten:<\/span><\/em><\/strong><br \/>\nDie Art weisst innerartliche Aggressionen auf. Abgelaicht wird in einem Krater der einen Durchmesser von bis zu 25cm und eine H\u00f6he bis zu 15cm haben kann. Das Weibchen tr\u00e4gt etwa 21 Tage die Eier im Maul, worauf hin sie bis zu 20 Junge frei l\u00e4sst.<\/p>\n<p><a href=\"https:\/\/www.xenotilapia.de\/gallery\/cunningtonia-longiventralis-sumbu-pictures-video\/\">weitere Bilder und Videos<\/a><\/p>\n<div id='gallery-1' class='gallery galleryid-97 gallery-columns-2 gallery-size-medium'><figure class='gallery-item'>\n\t\t\t<div class='gallery-icon landscape'>\n\t\t\t\t<a href='https:\/\/www.xenotilapia.de\/wp-content\/uploads\/Cunningtonia-longiventralis-Sumbu01.jpg' title=\"\" data-rl_title=\"\" class=\"rl-gallery-link\" data-rl_caption=\"\" data-rel=\"lightbox-gallery-1\"><img width=\"800\" height=\"600\" src=\"https:\/\/www.xenotilapia.de\/wp-content\/uploads\/Cunningtonia-longiventralis-Sumbu01.jpg\" class=\"attachment-medium size-medium\" alt=\"Cunningtonia longiventralis Sumbu\" decoding=\"async\" loading=\"lazy\" aria-describedby=\"gallery-1-586\" \/><\/a>\n\t\t\t<\/div>\n\t\t\t\t<figcaption class='wp-caption-text gallery-caption' id='gallery-1-586'>\n\t\t\t\tCunningtonia longiventralis Sumbu\n\t\t\t\t<\/figcaption><\/figure>\n\t\t<\/div>","protected":false},"excerpt":{"rendered":"<p>Gattung: Cunningtonia Art: longiventralis Standort: Sumbu (Sambia) Gr\u00f6\u00dfe: (m\/w) 14cm\/ 12cm Ern\u00e4hrung: Aufwuchsfresser (z. B. Kiesel- und Fadenalgen) Habitat: Felslitoral mit freien Sandfl\u00e4chen Verhalten: Die Art weisst innerartliche Aggressionen auf. Abgelaicht wird in einem Krater der einen Durchmesser von bis zu 25cm und eine H\u00f6he bis zu 15cm haben kann. Das Weibchen tr\u00e4gt etwa 21 &hellip; <a href=\"https:\/\/www.xenotilapia.de\/de\/reports\/cunningtonia-longiventralis-sumbu\/\" class=\"more-link\"><span class=\"screen-reader-text\">\u201eCunningtonia longiventralis Sumbu\u201c<\/span> weiterlesen<\/a><\/p>\n","protected":false},"author":1,"featured_media":0,"parent":59,"menu_order":0,"comment_status":"closed","ping_status":"closed","template":"","meta":[],"_links":{"self":[{"href":"https:\/\/www.xenotilapia.de\/de\/wp-json\/wp\/v2\/pages\/97"}],"collection":[{"href":"https:\/\/www.xenotilapia.de\/de\/wp-json\/wp\/v2\/pages"}],"about":[{"href":"https:\/\/www.xenotilapia.de\/de\/wp-json\/wp\/v2\/types\/page"}],"author":[{"embeddable":true,"href":"https:\/\/www.xenotilapia.de\/de\/wp-json\/wp\/v2\/users\/1"}],"replies":[{"embeddable":true,"href":"https:\/\/www.xenotilapia.de\/de\/wp-json\/wp\/v2\/comments?post=97"}],"version-history":[{"count":7,"href":"https:\/\/www.xenotilapia.de\/de\/wp-json\/wp\/v2\/pages\/97\/revisions"}],"predecessor-version":[{"id":771,"href":"https:\/\/www.xenotilapia.de\/de\/wp-json\/wp\/v2\/pages\/97\/revisions\/771"}],"up":[{"embeddable":true,"href":"https:\/\/www.xenotilapia.de\/de\/wp-json\/wp\/v2\/pages\/59"}],"wp:attachment":[{"href":"https:\/\/www.xenotilapia.de\/de\/wp-json\/wp\/v2\/media?parent=97"}],"curies":[{"name":"wp","href":"https:\/\/api.w.org\/{rel}","templated":true}]}}