{"id":470,"date":"2016-05-18T22:20:53","date_gmt":"2016-05-18T20:20:53","guid":{"rendered":"https:\/\/www.xenotilapia.de\/?page_id=470"},"modified":"2016-06-04T17:21:48","modified_gmt":"2016-06-04T15:21:48","slug":"breeding-report-ophthalmotilapia-ventralis","status":"publish","type":"page","link":"https:\/\/www.xenotilapia.de\/en\/reports\/breeding-report-ophthalmotilapia-ventralis\/","title":{"rendered":"Breeding report Ophthalmotilapia ventralis"},"content":{"rendered":"<p>In diesem Bericht m\u00f6chte ich meine Beobachtungen schildern, die ich bei der Zucht von Ophthalmotilapia ventralis \u201eM\u2019toto\u201c und \u201eNundo\u201c gemacht habe.<\/p>\n<p>Bei Ophthalmotilapia ventralis handelt es sich um einen maternalen Maulbr\u00fcter, dies bedeutet, dass sich ausschlie\u00dflich das Weibchen die Maulbrutpflege betreibt. Ein Merkmal von maternalen Maulbr\u00fctern ist, dass meistens nur das M\u00e4nnchen ein \u201eFabkleid\u201c besitzt und das Weibchen lediglich eine silbergraue F\u00e4rbung aufweist, beispielsweise sind Ophthalmotilapia nasuta\/ heterodonta, Enantiopus melanogenys und Xenotilapia ochrogenys ebenfalls maternale Maulbr\u00fcter.<\/p>\n<p>O. ventralis M\u00e4nnchen k\u00f6nnen innerartlich sehr aggressiv werden, besonders wenn ein Weibchen ablaichbereit ist, steigert sich das territoriale Verhalten nochmals. Das Revierverhalten von O. ventralis ist sehr interessant, denn es gibt verschiedene &#8220;Stufen&#8221;.<\/p>\n<p>Zum einen schwimmen die beiden Kontrahenten mit aufgestellten Flossen und in \u201evoller Farbe\u201c balzend in Kreis (Foto 1). Dies findet zu Beginn knapp \u00fcber den Boden statt, aber nach und nach schwimmen die M\u00e4nnchen kreisend immer n\u00e4her zur Wasseroberfl\u00e4che, dieser Vorgang kann sich mehrere Male wiederholen.<\/p>\n<p>Zum anderen konnte ich beobachten, wie die rivalisierenden M\u00e4nnchen \u201eregungslos voreinander standen\u201c und regelrecht auf eine Schw\u00e4che des Gegen\u00fcbers warteten (Foto 2).<\/p>\n<p><img decoding=\"async\" loading=\"lazy\" class=\"alignnone size-full wp-image-657\" src=\"https:\/\/www.xenotilapia.de\/gallery\/Ophthalmotilapia_ventralis01.jpg\" alt=\"Ophthalmotilapia_ventralis01\" width=\"305\" height=\"228\" \/> <img decoding=\"async\" loading=\"lazy\" class=\"alignnone size-full wp-image-658\" src=\"https:\/\/www.xenotilapia.de\/gallery\/Ophthalmotilapia_ventralis02.jpg\" alt=\"Ophthalmotilapia_ventralis02\" width=\"305\" height=\"228\" \/><\/p>\n<p>Sobald einer der Rivalen, so scheint es, etwas nachgibt bzw. eine Schw\u00e4che zeigt, verfliegt die \u201eRuhe\u201c und es beginnt ein wildes Maulzerren (Foto 3). Hierbei verbei\u00dfen sich die beiden M\u00e4nnchen und sie versuchen den Nebenbuhler \u201ezu unterwerfen\u201c. Es kann zu Verletzungen am Maul kommen, die man unbedingt beobachten sollte! Wenn die Reviergrenzen vor\u00fcbergehend gekl\u00e4rt sind, versuchen die M\u00e4nnchen die laichbereiten Weibchen durch \u201eFlossenwedeln\u201c in ihr Revier (Foto 4) zu locken, andere Eindringlinge werden energisch verjagdt.<\/p>\n<p><img decoding=\"async\" loading=\"lazy\" class=\"alignnone size-full wp-image-657\" src=\"https:\/\/www.xenotilapia.de\/gallery\/Ophthalmotilapia_ventralis03.jpg\" alt=\"Ophthalmotilapia_ventralis03\" width=\"305\" height=\"228\" \/> <img decoding=\"async\" loading=\"lazy\" class=\"alignnone size-full wp-image-658\" src=\"https:\/\/www.xenotilapia.de\/gallery\/Ophthalmotilapia_ventralis04.jpg\" alt=\"Ophthalmotilapia_ventralis04\" width=\"305\" height=\"228\" \/><\/p>\n<p>Sobald ein Weibchen erfolgreich angelockt wurde beginnt das \u201eAblaichritual\u201c, daf\u00fcr schwimmt das M\u00e4nnchen mit starken Flossenbewegungen vor dem Weibchen her, wenn das M\u00e4nnchen den \u201eAblaichplatz\u201c erreicht hat, verharrt er kurz an dieser Stelle (Foto 5) und gibt das Sperma ab. Danach \u201erichtet\u201c sich das M\u00e4nnchen auf (Foto 6).<\/p>\n<p><img decoding=\"async\" loading=\"lazy\" class=\"alignnone size-full wp-image-657\" src=\"https:\/\/www.xenotilapia.de\/gallery\/Ophthalmotilapia_ventralis05.jpg\" alt=\"Ophthalmotilapia_ventralis05\" width=\"305\" height=\"228\" \/> <img decoding=\"async\" loading=\"lazy\" class=\"alignnone size-full wp-image-658\" src=\"https:\/\/www.xenotilapia.de\/gallery\/Ophthalmotilapia_ventralis06.jpg\" alt=\"Ophthalmotilapia_ventralis06\" width=\"305\" height=\"228\" \/><\/p>\n<p>Das Weibchen schnappt nach den gelben Enden der lang ausgezogenen Ventralen (Foto 7). Danach bleibt das Weibchen am Ablaichplatz und das M\u00e4nnchen schwimmt mit etwas Abstand \u201ezuckenden\u201c hinter das Weibchen (Foto 8).<\/p>\n<p><img decoding=\"async\" loading=\"lazy\" class=\"alignnone size-full wp-image-657\" src=\"https:\/\/www.xenotilapia.de\/gallery\/Ophthalmotilapia_ventralis07.jpg\" alt=\"Ophthalmotilapia_ventralis07\" width=\"305\" height=\"228\" \/> <img decoding=\"async\" loading=\"lazy\" class=\"alignnone size-full wp-image-658\" src=\"https:\/\/www.xenotilapia.de\/gallery\/Ophthalmotilapia_ventralis08.jpg\" alt=\"Ophthalmotilapia_ventralis08\" width=\"305\" height=\"228\" \/><\/p>\n<p>Auf diesen Reiz reagiert das Weibchen in dem es den Laich abgibt (Foto 9) und sofort ins Maul aufnimmt (Foto 10).<\/p>\n<p><img decoding=\"async\" loading=\"lazy\" class=\"alignnone size-full wp-image-655\" src=\"https:\/\/www.xenotilapia.de\/gallery\/Ophthalmotilapia_ventralis09.jpg\" alt=\"Ophthalmotilapia ventralis\" width=\"305\" height=\"175\" \/> <img decoding=\"async\" loading=\"lazy\" class=\"alignnone size-full wp-image-656\" src=\"https:\/\/www.xenotilapia.de\/gallery\/Ophthalmotilapia_ventralis10.jpg\" alt=\"Ophthalmotilapia ventralis\" width=\"305\" height=\"175\" \/><\/p>\n<p>Dieser Vorgang wiederholt sich einige Male und jedes Mal wenn das Weibchen versucht das M\u00e4nnchen zu verlassen, wird es wieder \u201eeingefangen\u201c, indem das M\u00e4nnchen kreisend um das Weibchen herumschwimmt und es so wieder in ein Revier und zum Ablaichplatz \u201ef\u00fchrt\u201c. Das Weibchen kann dem M\u00e4nnchen meistens nur dann entkommen, wenn das M\u00e4nnchen mit dem Verjagen von Eindringlingen und Kontrahenten besch\u00e4ftigt ist. Ist das Weibchen dem M\u00e4nnchen \u201eentkommen\u201c so schwimmt es zu einem anderen M\u00e4nnchen wo das Ablaichritual von neuem beginnt. Abgelaicht wurde bei meinen O. ventralis Gruppen bisher immer nur auf dem Sandboden in kleinen Mulden und nicht auf Steinen. Anschlie\u00dfend beh\u00e4lt das Weibchen bis zu 30 Eier f\u00fcr ungef\u00e4hr 21 Tage im Maul, eine Brutpflege wird anschlie\u00dfend nicht betrieben, sobald die Jungfische einmal freigelassen sind, werden sie nicht mehr ins Maul aufgenommen. Die Jungfische schwimmen dann in einer Gruppe dicht unter der Wasseroberfl\u00e4che und sollten dann, sofern das Weibchen die Jungfische im Gesellschaftsbecken freigelassen hat, in ein separates Aufzuchtsbecken \u00fcberf\u00fchrt werden. Die Aufzucht kann mit frisch geschl\u00fcpften Artemia nauplien erfolgen.<\/p>\n<p><img decoding=\"async\" loading=\"lazy\" class=\"alignnone size-full wp-image-657\" src=\"https:\/\/www.xenotilapia.de\/gallery\/Ophthalmotilapia_ventralis11.jpg\" alt=\"Ophthalmotilapia_ventralis11\" width=\"305\" height=\"228\" \/> <img decoding=\"async\" loading=\"lazy\" class=\"alignnone size-full wp-image-658\" src=\"https:\/\/www.xenotilapia.de\/gallery\/Ophthalmotilapia_ventralis12.jpg\" alt=\"Ophthalmotilapia_ventralis12\" width=\"305\" height=\"228\" \/><\/p>\n<p>Der nachfolgende Link zeigt ein Video \u00fcber das Ablaichverhalten von Ophthalmotilapia ventralis,<\/p>\n<p><a href=\"https:\/\/www.xenotilapia.de\/gallery\/ophthalmotilapia-ventralis-nundo-pictures-video\/\">Ophthalmotilapia ventralis Nundo<\/a><\/p>\n","protected":false},"excerpt":{"rendered":"<p>In diesem Bericht m\u00f6chte ich meine Beobachtungen schildern, die ich bei der Zucht von Ophthalmotilapia ventralis \u201eM\u2019toto\u201c und \u201eNundo\u201c gemacht habe. Bei Ophthalmotilapia ventralis handelt es sich um einen maternalen Maulbr\u00fcter, dies bedeutet, dass sich ausschlie\u00dflich das Weibchen die Maulbrutpflege betreibt. Ein Merkmal von maternalen Maulbr\u00fctern ist, dass meistens nur das M\u00e4nnchen ein \u201eFabkleid\u201c besitzt &hellip; <a href=\"https:\/\/www.xenotilapia.de\/en\/reports\/breeding-report-ophthalmotilapia-ventralis\/\" class=\"more-link\">Continue reading<span class=\"screen-reader-text\"> &#8220;Breeding report Ophthalmotilapia ventralis&#8221;<\/span><\/a><\/p>\n","protected":false},"author":1,"featured_media":0,"parent":59,"menu_order":0,"comment_status":"closed","ping_status":"closed","template":"","meta":[],"_links":{"self":[{"href":"https:\/\/www.xenotilapia.de\/en\/wp-json\/wp\/v2\/pages\/470"}],"collection":[{"href":"https:\/\/www.xenotilapia.de\/en\/wp-json\/wp\/v2\/pages"}],"about":[{"href":"https:\/\/www.xenotilapia.de\/en\/wp-json\/wp\/v2\/types\/page"}],"author":[{"embeddable":true,"href":"https:\/\/www.xenotilapia.de\/en\/wp-json\/wp\/v2\/users\/1"}],"replies":[{"embeddable":true,"href":"https:\/\/www.xenotilapia.de\/en\/wp-json\/wp\/v2\/comments?post=470"}],"version-history":[{"count":16,"href":"https:\/\/www.xenotilapia.de\/en\/wp-json\/wp\/v2\/pages\/470\/revisions"}],"predecessor-version":[{"id":828,"href":"https:\/\/www.xenotilapia.de\/en\/wp-json\/wp\/v2\/pages\/470\/revisions\/828"}],"up":[{"embeddable":true,"href":"https:\/\/www.xenotilapia.de\/en\/wp-json\/wp\/v2\/pages\/59"}],"wp:attachment":[{"href":"https:\/\/www.xenotilapia.de\/en\/wp-json\/wp\/v2\/media?parent=470"}],"curies":[{"name":"wp","href":"https:\/\/api.w.org\/{rel}","templated":true}]}}