{"id":492,"date":"2016-05-18T22:22:20","date_gmt":"2016-05-18T20:22:20","guid":{"rendered":"https:\/\/www.xenotilapia.de\/?page_id=492"},"modified":"2016-06-04T17:27:58","modified_gmt":"2016-06-04T15:27:58","slug":"breeding-report-xenotilapia-papilio-sunflower","status":"publish","type":"page","link":"https:\/\/www.xenotilapia.de\/en\/reports\/breeding-report-xenotilapia-papilio-sunflower\/","title":{"rendered":"Breeding report Xenotilapia papilio Sunflower"},"content":{"rendered":"<p>In diesem Bericht m\u00f6chte ich meine Beobachtungen schildern, die ich bei der Zucht von Xenotilapia papilio Sunflower \u201eIsanga\u201c gemacht habe.<\/p>\n<p>Bei Xenotilapia papilio Sunflower \u201eIsanga\u201c handelt es sich um einen biparentalen Sandcichlid, dies bedeutet, dass Paare gebildet werden und dass sich sowohl das Weibchen als auch das M\u00e4nnchen an der Maulbrutpflege beteiligen.<\/p>\n<p>Das Balzverhalten von X. papilio Sunflower ist nicht so intensiv ausgepr\u00e4gt wie bei maternalen Maulbr\u00fcter (z. B. Enantiopus melanogenys oder Xenotilapia bathyphilus), das P\u00e4rchen schwimmt \u201elediglich\u201c mit aufgestellten Flossen im Kreis. Des Weiteren konnte ich beobachten, dass die Tiere einen \u201eschwarzen Strich\/ Keil\u201c am bzw. im Auge bekommen. Au\u00dferdem erh\u00f6ht sich die territoriale Aggressivit\u00e4t von X. papilio Sunflower nochmals zur Laichzeit.<\/p>\n<p>Wenn es dann soweit ist und es wird abgelaicht, findet dieses auf dem Substrat statt, es wird nicht wie bei anderen Arten eine Laichgrube bzw. Arena ausgegraben. W\u00e4hrend des Ablaichens schwimmen die Tiere im Kreis, wobei das M\u00e4nnchen das Weibchen \u00f6fters an die Anale \u201estupst\u201c, woraufhin das Weibchen ein oder mehrere Eier legt (Foto 1). Danach schwimmt das M\u00e4nnchen \u00fcber den Laich und befruchtet ihn (Foto 2).<\/p>\n<p><img decoding=\"async\" loading=\"lazy\" class=\"alignnone size-medium wp-image-496\" src=\"https:\/\/www.xenotilapia.de\/gallery\/Xenotilapia_papilio_Sunflower_Isanga01.jpg\" alt=\"Xenotilapia papilio Sunflower Isanga\" width=\"300\" height=\"171\" \/> <img decoding=\"async\" loading=\"lazy\" class=\"alignnone size-medium wp-image-497\" src=\"https:\/\/www.xenotilapia.de\/gallery\/Xenotilapia_papilio_Sunflower_Isanga02.jpg\" alt=\"Xenotilapia papilio Sunflower Isanga\" width=\"300\" height=\"171\" \/><\/p>\n<p>Anschlie\u00dfend nimmt das Weibchen den Laich ins Maul auf und der \u201eVorgang\u201c wiederholt sich einige Male (Foto 3). Im Anschluss an das Ablaichen beh\u00e4lt das Weibchen die Eier f\u00fcr 6 bis 12 Tage im Maul (Foto 4).<\/p>\n<p><img decoding=\"async\" loading=\"lazy\" class=\"alignnone size-medium wp-image-498\" src=\"https:\/\/www.xenotilapia.de\/gallery\/Xenotilapia_papilio_Sunflower_Isanga03.jpg\" alt=\"Xenotilapia papilio Sunflower Isanga\" width=\"300\" height=\"171\" \/> <img decoding=\"async\" loading=\"lazy\" class=\"alignnone size-medium wp-image-499\" src=\"https:\/\/www.xenotilapia.de\/gallery\/Xenotilapia_papilio_Sunflower_Isanga04.jpg\" alt=\"Xenotilapia papilio Sunflower Isanga\" width=\"300\" height=\"171\" \/><\/p>\n<p>Die Eier bzw. Larven werden dann an das M\u00e4nnchen \u00fcbergeben, das diese bis zum 19. Tag ebenfalls im Maul pflegt (bisher konnte ich die \u00dcbergabe der Larven nicht dokumentieren).Die daraufhin folgende Brutpflege kann bis zu 14 Tage andauern, w\u00e4hrend dieser Zeit werden die Jungfische immer wieder von den Eltern bei Gefahr ins Maul aufgenommen und durch das Becken gef\u00fchrt. Des Weiteren werden Eindringlinge auf Distanz gehalten (Foto 5 &amp; 6).<\/p>\n<p><img decoding=\"async\" loading=\"lazy\" class=\"alignnone size-medium wp-image-499\" src=\"https:\/\/www.xenotilapia.de\/gallery\/Xenotilapia_papilio_Sunflower_Isanga05.jpg\" alt=\"Xenotilapia papilio Sunflower Isanga\" width=\"300\" height=\"171\" \/> <img decoding=\"async\" loading=\"lazy\" class=\"alignnone size-medium wp-image-500\" src=\"https:\/\/www.xenotilapia.de\/gallery\/Xenotilapia_papilio_Sunflower_Isanga06.jpg\" alt=\"Xenotilapia papilio Sunflower Isanga\" width=\"300\" height=\"171\" \/><\/p>\n<p>Sobald die Eltern anfangen die Jungfische zu verjagen, ist es Zeit die Jungfische in ein separates Becken umzusetzen. Die Jungfische lassen sich bestens mit frisch geschl\u00fcpften Arteima nauplien aufziehen, es werden allerdings auch entkapselte Artemia nauplien und zerriebenes Flockenfutter angenommen.<\/p>\n","protected":false},"excerpt":{"rendered":"<p>In diesem Bericht m\u00f6chte ich meine Beobachtungen schildern, die ich bei der Zucht von Xenotilapia papilio Sunflower \u201eIsanga\u201c gemacht habe. Bei Xenotilapia papilio Sunflower \u201eIsanga\u201c handelt es sich um einen biparentalen Sandcichlid, dies bedeutet, dass Paare gebildet werden und dass sich sowohl das Weibchen als auch das M\u00e4nnchen an der Maulbrutpflege beteiligen. Das Balzverhalten von &hellip; <a href=\"https:\/\/www.xenotilapia.de\/en\/reports\/breeding-report-xenotilapia-papilio-sunflower\/\" class=\"more-link\">Continue reading<span class=\"screen-reader-text\"> &#8220;Breeding report Xenotilapia papilio Sunflower&#8221;<\/span><\/a><\/p>\n","protected":false},"author":1,"featured_media":0,"parent":59,"menu_order":0,"comment_status":"closed","ping_status":"closed","template":"","meta":[],"_links":{"self":[{"href":"https:\/\/www.xenotilapia.de\/en\/wp-json\/wp\/v2\/pages\/492"}],"collection":[{"href":"https:\/\/www.xenotilapia.de\/en\/wp-json\/wp\/v2\/pages"}],"about":[{"href":"https:\/\/www.xenotilapia.de\/en\/wp-json\/wp\/v2\/types\/page"}],"author":[{"embeddable":true,"href":"https:\/\/www.xenotilapia.de\/en\/wp-json\/wp\/v2\/users\/1"}],"replies":[{"embeddable":true,"href":"https:\/\/www.xenotilapia.de\/en\/wp-json\/wp\/v2\/comments?post=492"}],"version-history":[{"count":8,"href":"https:\/\/www.xenotilapia.de\/en\/wp-json\/wp\/v2\/pages\/492\/revisions"}],"predecessor-version":[{"id":832,"href":"https:\/\/www.xenotilapia.de\/en\/wp-json\/wp\/v2\/pages\/492\/revisions\/832"}],"up":[{"embeddable":true,"href":"https:\/\/www.xenotilapia.de\/en\/wp-json\/wp\/v2\/pages\/59"}],"wp:attachment":[{"href":"https:\/\/www.xenotilapia.de\/en\/wp-json\/wp\/v2\/media?parent=492"}],"curies":[{"name":"wp","href":"https:\/\/api.w.org\/{rel}","templated":true}]}}