{"id":503,"date":"2016-05-18T22:29:06","date_gmt":"2016-05-18T20:29:06","guid":{"rendered":"https:\/\/www.xenotilapia.de\/?page_id=503"},"modified":"2016-05-18T22:31:50","modified_gmt":"2016-05-18T20:31:50","slug":"lake-tanganyika","status":"publish","type":"page","link":"https:\/\/www.xenotilapia.de\/en\/reports\/lake-tanganyika\/","title":{"rendered":"Lake tanganyika"},"content":{"rendered":"<p>Der Tanganjikasee wurde am 13. Februar 1858 von Richard Francis Burton und John Hanning Spike entdeckt, er ist einer der gr\u00f6\u00dften Seen in Zentralafrika ist (3\u00b0\u00a020&#8242; bis 8\u00b0\u00a048&#8242; s\u00fcdlich\u00a0und 29\u00b0\u00a05&#8242; bis 31\u00b0\u00a015&#8242; \u00f6stlich), zu gleich ist er auch der sechstgr\u00f6\u00dfte See der Erde mit einer L\u00e4nge von ungef\u00e4hr 670km und einer Breite von rund 80km und mit einer Tiefe von ca. 1470m ist er ebenfalls der zweittiefste See der Erde. Die Oberfl\u00e4che des Sees betr\u00e4gt um 34000km\u00b2 und die K\u00fcstenzone erstreckt sich \u00fcber rund 1900km.<\/p>\n<p>Des Weiteren liegt der Tanganjikasee im westlichen Teil des\u00a0Ostafrikanischen Grabens (Great Rift Valey) und wird durch dessen W\u00e4nde begrenzt. Anrainerstaaten sind Burundi im Norden, Tansania im Osten, Sambia im S\u00fcden und die Demokratische Republik Kongo (vormals Zaire) im Westen (siehe Karte, anklicken f\u00fcr Originalgr\u00f6\u00dfe). Au\u00dferdem wird der See durch viele Zufl\u00fcsse gespeist, wie, um nur ein paar gro\u00dfe zu nennen, der Rusisi (Burundi), der Malagarasi (Tansania) und der Lufubu (Sambia), jedoch fliest nur ein Fluss vom Tanganjikasee ab, n\u00e4mlich der Lukuga (DR Kongo).<\/p>\n<p>Das Alter des Tanganjikasees wird auf 15 bis 20 Millionen Jahre gesch\u00e4tzt,\u00a0in dieser Zeit haben sich<\/p>\n<p>ungef\u00e4hr 320 Fischarten entwickelt, von denen 95% endemisch sind. Dies bedeutet, dass diese Fische nur im Tanganjikasee heimisch sind und in keinem anderen Gew\u00e4sser dieser Erde. Von den 320 Fischarten z\u00e4hlen ca. 180 zu der Familie der Cichliden.<\/p>\n<p>Es herrschen nachfolgende Wasserwerte im Tanganjikasee,<\/p>\n<p>pH-Wert:\u00a0\u00a0\u00a0\u00a0\u00a0\u00a0\u00a0 7,5 \u2013 9,2<\/p>\n<p>Gh-Wert:\u00a0\u00a0\u00a0\u00a0\u00a0\u00a0\u00a0 7 \u2013 11 GdH<\/p>\n<p>Kh-Wert:\u00a0\u00a0\u00a0\u00a0\u00a0\u00a0\u00a0 16 \u2013 18 GdH<\/p>\n<p>Leitf\u00e4higkeit:\u00a0 600mS<\/p>\n<p>Temperatur:\u00a0\u00a0\u00a0 24 \u2013 28\u00b0C<\/p>\n","protected":false},"excerpt":{"rendered":"<p>Der Tanganjikasee wurde am 13. Februar 1858 von Richard Francis Burton und John Hanning Spike entdeckt, er ist einer der gr\u00f6\u00dften Seen in Zentralafrika ist (3\u00b0\u00a020&#8242; bis 8\u00b0\u00a048&#8242; s\u00fcdlich\u00a0und 29\u00b0\u00a05&#8242; bis 31\u00b0\u00a015&#8242; \u00f6stlich), zu gleich ist er auch der sechstgr\u00f6\u00dfte See der Erde mit einer L\u00e4nge von ungef\u00e4hr 670km und einer Breite von rund 80km &hellip; <a href=\"https:\/\/www.xenotilapia.de\/en\/reports\/lake-tanganyika\/\" class=\"more-link\">Continue reading<span class=\"screen-reader-text\"> &#8220;Lake tanganyika&#8221;<\/span><\/a><\/p>\n","protected":false},"author":1,"featured_media":0,"parent":59,"menu_order":0,"comment_status":"closed","ping_status":"closed","template":"","meta":[],"_links":{"self":[{"href":"https:\/\/www.xenotilapia.de\/en\/wp-json\/wp\/v2\/pages\/503"}],"collection":[{"href":"https:\/\/www.xenotilapia.de\/en\/wp-json\/wp\/v2\/pages"}],"about":[{"href":"https:\/\/www.xenotilapia.de\/en\/wp-json\/wp\/v2\/types\/page"}],"author":[{"embeddable":true,"href":"https:\/\/www.xenotilapia.de\/en\/wp-json\/wp\/v2\/users\/1"}],"replies":[{"embeddable":true,"href":"https:\/\/www.xenotilapia.de\/en\/wp-json\/wp\/v2\/comments?post=503"}],"version-history":[{"count":3,"href":"https:\/\/www.xenotilapia.de\/en\/wp-json\/wp\/v2\/pages\/503\/revisions"}],"predecessor-version":[{"id":506,"href":"https:\/\/www.xenotilapia.de\/en\/wp-json\/wp\/v2\/pages\/503\/revisions\/506"}],"up":[{"embeddable":true,"href":"https:\/\/www.xenotilapia.de\/en\/wp-json\/wp\/v2\/pages\/59"}],"wp:attachment":[{"href":"https:\/\/www.xenotilapia.de\/en\/wp-json\/wp\/v2\/media?parent=503"}],"curies":[{"name":"wp","href":"https:\/\/api.w.org\/{rel}","templated":true}]}}